{"id":36,"date":"2015-02-25T11:00:42","date_gmt":"2015-02-25T10:00:42","guid":{"rendered":"http:\/\/ansoraahautenormandie.fr\/?page_id=36"},"modified":"2015-03-10T21:10:18","modified_gmt":"2015-03-10T20:10:18","slug":"lassociation","status":"publish","type":"page","link":"https:\/\/ansoraaenormandie.fr\/?page_id=36","title":{"rendered":"L&rsquo;association"},"content":{"rendered":"<p align=\"justify\">L&rsquo;ANSORAA (Association Nationale des Sous-Officiers de R\u00e9serve de l&rsquo;Arm\u00e9e de l&rsquo;Air) est une association r\u00e9unissant les personnes qui ont servi dans l\u2019Arm\u00e9e de l\u2019air comme : sous-officier ou militaire du rang.<\/p>\n<p align=\"justify\"><strong>NOS BUTS<\/strong><\/p>\n<p align=\"justify\">L&rsquo;Association a notamment les buts suivants :<br \/>\n&#8211; de d\u00e9velopper les relations Arm\u00e9e-Nation et l&rsquo;esprit de d\u00e9fense,<br \/>\n&#8211; de repr\u00e9senter et d\u00e9fendre les int\u00e9r\u00eats moraux et mat\u00e9riels des adh\u00e9rents,<br \/>\n&#8211; de participer aux initiatives propos\u00e9es par le minist\u00e8re de la D\u00e9fense, l&rsquo;arm\u00e9e de l&rsquo;air et les autorit\u00e9s comp\u00e9tentes,<br \/>\n&#8211; d&rsquo;entretenir et promouvoir le devoir de m\u00e9moire,<br \/>\n&#8211; d&rsquo;aider \u00e0 la reconversion,<br \/>\n&#8211; d&rsquo;organiser et diffuser l\u2019information,<br \/>\n&#8211; de participer aux actions d\u2019int\u00e9r\u00eat g\u00e9n\u00e9ral en liaison avec les autorit\u00e9s comp\u00e9tentes,<br \/>\n&#8211; de repr\u00e9senter l\u2019ANSORAA en se rapprochant des autres associations poursuivant les m\u00eames buts.<\/p>\n<h3><strong>NOS ACTIVIT\u00c9S<br \/>\n<\/strong><\/h3>\n<p align=\"justify\">Les activit\u00e9s sont programm\u00e9es par chaque bureau de sections ou de groupements.<\/p>\n<p align=\"justify\">Elles ont pour objectifs :<br \/>\n&#8211; la mise en \u0153uvre des statuts,<br \/>\n&#8211; la mise en application des diverses motivations et initiatives des membres de l\u2019association (visites culturelles, sorties de coh\u00e9sion, voyages, rencontres, conf\u00e9rences, entraides, etc.).<\/p>\n<p align=\"justify\">Les activit\u00e9s de votre section ou de votre groupement vous sont signal\u00e9es par des bulletins d\u2019informations.<\/p>\n<h3><strong>NOS MOYENS D\u2019INFORMATION<\/strong><\/h3>\n<p align=\"justify\">*\u00a0La revue Air ANSORAA, organe officiel de l\u2019Association, est \u00e0 parution trimestrielle.<\/p>\n<p align=\"justify\">* Le site officiel de l&rsquo;ANSORAA (www.ansoraa.fr).<\/p>\n<p align=\"justify\">*\u00a0Chaque section ou groupement peut \u00e9galement diffuser un bulletin d\u2019information \u00e0 ses membres et dispose d&rsquo;un espace d\u00e9di\u00e9 sur le site officiel.<\/p>\n<h3><strong>NOS PARTICIPATIONS<\/strong><\/h3>\n<p align=\"justify\">*\u00a0Au Conseil Sup\u00e9rieur d\u2019Etude des R\u00e9serves aupr\u00e8s du Secr\u00e9tariat d\u2019\u00c9tat \u00e0 la D\u00e9fense.<\/p>\n<p align=\"justify\">*\u00a0A la Commission Consultative des Cadres de R\u00e9serve aupr\u00e8s du chef d\u2019\u00c9tat Major de l&rsquo;arm\u00e9e de l&rsquo;air.<\/p>\n<p align=\"justify\">*\u00a0Au Conseil d&rsquo;administration de l&rsquo;Association pour la reconversion civile des officiers et sous-officiers (ARCO).<\/p>\n<h3><strong>NOTRE DEVISE<\/strong><\/h3>\n<h3>S&rsquo;UNIR POUR SERVIR<\/h3>\n","protected":false},"excerpt":{"rendered":"<p>L&rsquo;ANSORAA (Association Nationale des Sous-Officiers de R\u00e9serve de l&rsquo;Arm\u00e9e de l&rsquo;Air) est une association r\u00e9unissant les personnes qui ont servi dans l\u2019Arm\u00e9e de l\u2019air comme : sous-officier ou militaire du rang. NOS BUTS L&rsquo;Association a notamment les buts suivants : &#8211; de d\u00e9velopper les relations Arm\u00e9e-Nation et l&rsquo;esprit de d\u00e9fense, &#8211; de repr\u00e9senter et d\u00e9fendre les int\u00e9r\u00eats moraux et mat\u00e9riels<\/p>\n","protected":false},"author":1,"featured_media":0,"parent":5,"menu_order":0,"comment_status":"closed","ping_status":"open","template":"","meta":{"footnotes":""},"class_list":["post-36","page","type-page","status-publish","hentry"],"_links":{"self":[{"href":"https:\/\/ansoraaenormandie.fr\/index.php?rest_route=\/wp\/v2\/pages\/36","targetHints":{"allow":["GET"]}}],"collection":[{"href":"https:\/\/ansoraaenormandie.fr\/index.php?rest_route=\/wp\/v2\/pages"}],"about":[{"href":"https:\/\/ansoraaenormandie.fr\/index.php?rest_route=\/wp\/v2\/types\/page"}],"author":[{"embeddable":true,"href":"https:\/\/ansoraaenormandie.fr\/index.php?rest_route=\/wp\/v2\/users\/1"}],"replies":[{"embeddable":true,"href":"https:\/\/ansoraaenormandie.fr\/index.php?rest_route=%2Fwp%2Fv2%2Fcomments&post=36"}],"version-history":[{"count":1,"href":"https:\/\/ansoraaenormandie.fr\/index.php?rest_route=\/wp\/v2\/pages\/36\/revisions"}],"predecessor-version":[{"id":37,"href":"https:\/\/ansoraaenormandie.fr\/index.php?rest_route=\/wp\/v2\/pages\/36\/revisions\/37"}],"up":[{"embeddable":true,"href":"https:\/\/ansoraaenormandie.fr\/index.php?rest_route=\/wp\/v2\/pages\/5"}],"wp:attachment":[{"href":"https:\/\/ansoraaenormandie.fr\/index.php?rest_route=%2Fwp%2Fv2%2Fmedia&parent=36"}],"curies":[{"name":"wp","href":"https:\/\/api.w.org\/{rel}","templated":true}]}}