{"id":57,"date":"2015-02-25T11:24:22","date_gmt":"2015-02-25T10:24:22","guid":{"rendered":"http:\/\/ansoraahautenormandie.fr\/?page_id=57"},"modified":"2015-03-10T22:03:21","modified_gmt":"2015-03-10T21:03:21","slug":"historique-de-lassociation","status":"publish","type":"page","link":"https:\/\/ansoraaenormandie.fr\/?page_id=57","title":{"rendered":"Historique de l&rsquo;association"},"content":{"rendered":"<p>C&rsquo;est en 1920 que fut cr\u00e9\u00e9e la premi\u00e8re association de Sous-Officiers de R\u00e9serve de l&rsquo;Arm\u00e9e de l&rsquo;Air, puis en 1930, sous le nom d&rsquo;U.S.O.R.A.A.(Union des Sous &#8211; Officiers de R\u00e9serve de l&rsquo;Arm\u00e9e de l&rsquo;Air) un regroupement fut souhait\u00e9.<\/p>\n<p>En 1938, une autre Association, l&rsquo;A.R.A.A., fut cr\u00e9\u00e9e par des Sous &#8211; Officiers (Amicale des R\u00e9serves de l&rsquo;Arm\u00e9e de l&rsquo;Air).<\/p>\n<p>En 1947, il fut d\u00e9cid\u00e9 de dissoudre ces deux associations et de cr\u00e9er : l&rsquo;Association des Sous-Officiers de R\u00e9serve de l&rsquo;Arm\u00e9e de l&rsquo;Air A.N.S.O.R.A.A. Elle couvre actuellement l&rsquo;ensemble du territoire fran\u00e7ais, et des sections fonctionnent dans les D.O.M. &#8211; T.O.M.<\/p>\n<p>L&rsquo;A.N.S.O.R.A.A., r\u00e9gie par la loi du 1er Juillet 1901, a \u00e9t\u00e9 d\u00e9clar\u00e9e \u00e0 la Pr\u00e9fecture de Police de PARIS le 13 Juillet 1949 et publi\u00e9e au \u00ab\u00a0Journal Officiel \u00a0\u00bb du 28 Juillet 1949, page 7420.<\/p>\n<p>Elle est actuellement la seule Association reconnue officiellement par les Autorit\u00e9s de tutelle.<\/p>\n","protected":false},"excerpt":{"rendered":"<p>C&rsquo;est en 1920 que fut cr\u00e9\u00e9e la premi\u00e8re association de Sous-Officiers de R\u00e9serve de l&rsquo;Arm\u00e9e de l&rsquo;Air, puis en 1930, sous le nom d&rsquo;U.S.O.R.A.A.(Union des Sous &#8211; Officiers de R\u00e9serve de l&rsquo;Arm\u00e9e de l&rsquo;Air) un regroupement fut souhait\u00e9. En 1938, une autre Association, l&rsquo;A.R.A.A., fut cr\u00e9\u00e9e par des Sous &#8211; Officiers (Amicale des R\u00e9serves de l&rsquo;Arm\u00e9e de l&rsquo;Air). En 1947,<\/p>\n","protected":false},"author":1,"featured_media":0,"parent":36,"menu_order":0,"comment_status":"closed","ping_status":"open","template":"","meta":{"footnotes":""},"class_list":["post-57","page","type-page","status-publish","hentry"],"_links":{"self":[{"href":"https:\/\/ansoraaenormandie.fr\/index.php?rest_route=\/wp\/v2\/pages\/57","targetHints":{"allow":["GET"]}}],"collection":[{"href":"https:\/\/ansoraaenormandie.fr\/index.php?rest_route=\/wp\/v2\/pages"}],"about":[{"href":"https:\/\/ansoraaenormandie.fr\/index.php?rest_route=\/wp\/v2\/types\/page"}],"author":[{"embeddable":true,"href":"https:\/\/ansoraaenormandie.fr\/index.php?rest_route=\/wp\/v2\/users\/1"}],"replies":[{"embeddable":true,"href":"https:\/\/ansoraaenormandie.fr\/index.php?rest_route=%2Fwp%2Fv2%2Fcomments&post=57"}],"version-history":[{"count":1,"href":"https:\/\/ansoraaenormandie.fr\/index.php?rest_route=\/wp\/v2\/pages\/57\/revisions"}],"predecessor-version":[{"id":59,"href":"https:\/\/ansoraaenormandie.fr\/index.php?rest_route=\/wp\/v2\/pages\/57\/revisions\/59"}],"up":[{"embeddable":true,"href":"https:\/\/ansoraaenormandie.fr\/index.php?rest_route=\/wp\/v2\/pages\/36"}],"wp:attachment":[{"href":"https:\/\/ansoraaenormandie.fr\/index.php?rest_route=%2Fwp%2Fv2%2Fmedia&parent=57"}],"curies":[{"name":"wp","href":"https:\/\/api.w.org\/{rel}","templated":true}]}}