{"id":72,"date":"2015-03-10T22:00:21","date_gmt":"2015-03-10T21:00:21","guid":{"rendered":"http:\/\/ansoraahautenormandie.fr\/?page_id=72"},"modified":"2024-01-21T12:02:34","modified_gmt":"2024-01-21T11:02:34","slug":"adhesion-2","status":"publish","type":"page","link":"https:\/\/ansoraaenormandie.fr\/?page_id=72","title":{"rendered":"Adh\u00e9sion"},"content":{"rendered":"<p>T\u00e9l\u00e9charger le bulletin d&rsquo;adh\u00e9sion vous correspondant en cliquant sur l&rsquo;un des liens suivants:<\/p>\n<p><a href=\"https:\/\/ansoraaenormandie.fr\/wp-content\/uploads\/2024\/01\/CONJOINTouVEUF.doc\" target=\"_blank\" rel=\"noopener noreferrer\">BULL. ADHESION CONJOINT ou VEUF<\/a><\/p>\n<p><a href=\"https:\/\/ansoraaenormandie.fr\/wp-content\/uploads\/2024\/01\/MEMBREACTIF.doc\" target=\"_blank\" rel=\"noopener noreferrer\">BULLETIN ADHESION MEMBRE ACTIF. Ancien AA<\/a><\/p>\n<p><a href=\"https:\/\/ansoraaenormandie.fr\/wp-content\/uploads\/2024\/01\/MEMBREASSOCIE.doc\" target=\"_blank\" rel=\"noopener noreferrer\">BULLETIN ADHESION MEMBRE ASSOCIE<\/a><\/p>\n<p>Le Renseigner\u00a0et le transmettre accompagn\u00e9 de la Cotisation d&rsquo;adh\u00e9sion \u00a0au Tr\u00e9sorier<\/p>\n<p>Mr<em><strong> Jean-Christophe VOISIN<\/strong><\/em>\u00a0 \u00a044 rue du Val Morin 27120 PACY SUR EURE<\/p>\n<p>mail : <a title=\"Tr\u00e9sorier HN\" href=\"mailto:jeanchristophe.voisin@neuf.fr\">jeanchristophe.voisin@neuf.fr<\/a><\/p>\n<p>Cotisations<\/p>\n<p><strong><em>*Cotisation membre actif + revue Air ANSORAA = 37,00 \u20ac.<\/em><\/strong><\/p>\n<p><strong><em>Cotisation membre participant + revue Air ANSORAA = 37,00 \u20ac.<\/em><\/strong><\/p>\n<p><strong><em>Cotisation sans revue = 25\u20ac<\/em><\/strong><\/p>\n<p><strong><em>Cotisation veuve et membre associ\u00e9 =\u00a0\u00a0 11 \u20ac (ou 23<\/em><\/strong><strong><em>\u20ac avec Revue)<\/em><\/strong><\/p>\n\n\n<p><\/p>\n","protected":false},"excerpt":{"rendered":"<p>T\u00e9l\u00e9charger le bulletin d&rsquo;adh\u00e9sion vous correspondant en cliquant sur l&rsquo;un des liens suivants: BULL. ADHESION CONJOINT ou VEUF BULLETIN ADHESION MEMBRE ACTIF. Ancien AA BULLETIN ADHESION MEMBRE ASSOCIE Le Renseigner\u00a0et le transmettre accompagn\u00e9 de la Cotisation d&rsquo;adh\u00e9sion \u00a0au Tr\u00e9sorier Mr Jean-Christophe VOISIN\u00a0 \u00a044 rue du Val Morin 27120 PACY SUR EURE mail : jeanchristophe.voisin@neuf.fr Cotisations *Cotisation membre actif + revue<\/p>\n","protected":false},"author":1,"featured_media":0,"parent":36,"menu_order":0,"comment_status":"closed","ping_status":"open","template":"","meta":{"footnotes":""},"class_list":["post-72","page","type-page","status-publish","hentry"],"_links":{"self":[{"href":"https:\/\/ansoraaenormandie.fr\/index.php?rest_route=\/wp\/v2\/pages\/72","targetHints":{"allow":["GET"]}}],"collection":[{"href":"https:\/\/ansoraaenormandie.fr\/index.php?rest_route=\/wp\/v2\/pages"}],"about":[{"href":"https:\/\/ansoraaenormandie.fr\/index.php?rest_route=\/wp\/v2\/types\/page"}],"author":[{"embeddable":true,"href":"https:\/\/ansoraaenormandie.fr\/index.php?rest_route=\/wp\/v2\/users\/1"}],"replies":[{"embeddable":true,"href":"https:\/\/ansoraaenormandie.fr\/index.php?rest_route=%2Fwp%2Fv2%2Fcomments&post=72"}],"version-history":[{"count":17,"href":"https:\/\/ansoraaenormandie.fr\/index.php?rest_route=\/wp\/v2\/pages\/72\/revisions"}],"predecessor-version":[{"id":3168,"href":"https:\/\/ansoraaenormandie.fr\/index.php?rest_route=\/wp\/v2\/pages\/72\/revisions\/3168"}],"up":[{"embeddable":true,"href":"https:\/\/ansoraaenormandie.fr\/index.php?rest_route=\/wp\/v2\/pages\/36"}],"wp:attachment":[{"href":"https:\/\/ansoraaenormandie.fr\/index.php?rest_route=%2Fwp%2Fv2%2Fmedia&parent=72"}],"curies":[{"name":"wp","href":"https:\/\/api.w.org\/{rel}","templated":true}]}}